{"id":5302,"date":"2023-01-26T02:02:43","date_gmt":"2023-01-26T02:02:43","guid":{"rendered":"https:\/\/safe-bumper.com\/product\/safe-bumper-mit-abgesenktem-einstieg-6\/"},"modified":"2024-11-04T12:59:52","modified_gmt":"2024-11-04T12:59:52","slug":"safe-bumper-mit-abgesenktem-einstieg-6","status":"publish","type":"product","link":"https:\/\/safe-bumper.com\/de\/product\/safe-bumper-mit-abgesenktem-einstieg-6\/","title":{"rendered":"Safe-Bumper &#8211; mit abgesenktem Einstieg"},"content":{"rendered":"<p>Der Safe-Sto\u00dff\u00e4nger sch\u00fctzt das gesamte Heck Ihres Fahrzeugs vor allt\u00e4glichen Sch\u00e4den und ist aus hochwertigem Stahl gefertigt. Vier Schichten der Pulverbeschichtung sorgen f\u00fcr optimalen Schutz gegen alle Wetterbedingungen. Der Safe-bumper sch\u00fctzt nicht nur Ihr Fahrzeug, sondern bietet auch Sicherheit f\u00fcr den Benutzer. Die auf der Oberseite des Sto\u00dff\u00e4ngers aufgebrachte Anti-Rutsch-Schicht verhindert ein Ausrutschen beim Be- und Entladen.  Au\u00dferdem sorgt der rote Reflexionsstreifen, der sich \u00fcber den gesamten Sto\u00dff\u00e4nger erstreckt, f\u00fcr bessere Sichtbarkeit im Stra\u00dfenverkehr, bei Tag und bei unterschiedlichen Wetterbedingungen. Die integrierten Parksensoren sind in der Sto\u00dfstange angebracht und k\u00f6nnen Sie beim Einparken ganz einfach per Bild und Ton unterst\u00fctzen. <\/p>\n<p>Dieses Modell des Safe-Bumpers verf\u00fcgt \u00fcber einen abgesenkten Einstieg.<\/p>\n<p>Bitte beachten Sie: Wenn Sie die Parksensoren Ihres Fahrzeugs verwenden m\u00f6chten, m\u00fcssen diese in den Sto\u00dff\u00e4nger integriert werden. F\u00fcr diese Option f\u00e4llt ein Aufpreis von 72 Euro an, da eine spezielle Vorbereitung des Sto\u00dff\u00e4ngers und ein beiliegender Klebebefestigungssatz erforderlich sind. <\/p>\n","protected":false},"excerpt":{"rendered":"<p>Der Safe-Sto\u00dff\u00e4nger sch\u00fctzt das gesamte Heck Ihres Fahrzeugs vor allt\u00e4glichen Sch\u00e4den und ist aus hochwertigem Stahl gefertigt. Vier Schichten der Pulverbeschichtung sorgen f\u00fcr optimalen Schutz gegen alle Wetterbedingungen. Der Safe-bumper sch\u00fctzt nicht nur Ihr Fahrzeug, sondern bietet auch Sicherheit f\u00fcr den Benutzer. Die auf der Oberseite des Sto\u00dff\u00e4ngers aufgebrachte Anti-Rutsch-Schicht verhindert ein Ausrutschen beim Be- [&hellip;]<\/p>\n","protected":false},"featured_media":4577,"template":"","meta":{"_acf_changed":false},"product_brand":[],"product_cat":[276,200,309,274],"product_tag":[212],"class_list":{"0":"post-5302","1":"product","2":"type-product","3":"status-publish","4":"has-post-thumbnail","6":"product_cat-crafter-von-2006-bis-2017","7":"product_cat-mercedes-de","8":"product_cat-sprinter-ab-2006","9":"product_cat-volkswagen-de","10":"product_tag-safe-bumper-de","11":"product_shipping_class-nicht-abschleppende-produkte","13":"first","14":"instock","15":"taxable","16":"shipping-taxable","17":"purchasable","18":"product-type-variable"},"acf":[],"yoast_head":"<!-- This site is optimized with the Yoast SEO plugin v27.5 - https:\/\/yoast.com\/product\/yoast-seo-wordpress\/ -->\n<title>VOLKSWAGEN Safe-T-Bar - Einstecktreppe f\u00fcr Sicherheit<\/title>\n<meta name=\"description\" content=\"Erweitern Sie Ihr VOLKSWAGEN Fahrzeug mit der safe-T-bar Trittstufe f\u00fcr zus\u00e4tzliche Sicherheit. Entdecken Sie dieses innovative Zubeh\u00f6r, das Schutz und Komfort bietet\" \/>\n<meta name=\"robots\" content=\"index, follow, max-snippet:-1, max-image-preview:large, max-video-preview:-1\" \/>\n<link rel=\"canonical\" href=\"https:\/\/safe-bumper.com\/de\/product\/safe-bumper-mit-abgesenktem-einstieg-6\/\" \/>\n<meta property=\"og:locale\" content=\"de_DE\" \/>\n<meta property=\"og:type\" content=\"article\" \/>\n<meta property=\"og:title\" content=\"VOLKSWAGEN Safe-T-Bar - Einstecktreppe f\u00fcr Sicherheit\" \/>\n<meta property=\"og:description\" content=\"Erweitern Sie Ihr VOLKSWAGEN Fahrzeug mit der safe-T-bar Trittstufe f\u00fcr zus\u00e4tzliche Sicherheit. Entdecken Sie dieses innovative Zubeh\u00f6r, das Schutz und Komfort bietet\" \/>\n<meta property=\"og:url\" content=\"https:\/\/safe-bumper.com\/de\/product\/safe-bumper-mit-abgesenktem-einstieg-6\/\" \/>\n<meta property=\"og:site_name\" content=\"Safe Bumper\" \/>\n<meta property=\"article:modified_time\" content=\"2024-11-04T12:59:52+00:00\" \/>\n<meta property=\"og:image\" content=\"https:\/\/safe-bumper.com\/wp-content\/uploads\/2023\/01\/safe-T-bar-Recess-Step.jpg\" \/>\n\t<meta property=\"og:image:width\" content=\"1200\" \/>\n\t<meta property=\"og:image:height\" content=\"675\" \/>\n\t<meta property=\"og:image:type\" content=\"image\/jpeg\" \/>\n<meta name=\"twitter:card\" content=\"summary_large_image\" \/>\n<meta name=\"twitter:label1\" content=\"Gesch\u00e4tzte Lesezeit\" \/>\n\t<meta name=\"twitter:data1\" content=\"1\u00a0Minute\" \/>\n<script type=\"application\/ld+json\" class=\"yoast-schema-graph\">{\"@context\":\"https:\\\/\\\/schema.org\",\"@graph\":[{\"@type\":\"WebPage\",\"@id\":\"https:\\\/\\\/safe-bumper.com\\\/de\\\/product\\\/safe-bumper-mit-abgesenktem-einstieg-6\\\/\",\"url\":\"https:\\\/\\\/safe-bumper.com\\\/de\\\/product\\\/safe-bumper-mit-abgesenktem-einstieg-6\\\/\",\"name\":\"VOLKSWAGEN Safe-T-Bar - Einstecktreppe f\u00fcr Sicherheit\",\"isPartOf\":{\"@id\":\"https:\\\/\\\/safe-bumper.com\\\/#website\"},\"primaryImageOfPage\":{\"@id\":\"https:\\\/\\\/safe-bumper.com\\\/de\\\/product\\\/safe-bumper-mit-abgesenktem-einstieg-6\\\/#primaryimage\"},\"image\":{\"@id\":\"https:\\\/\\\/safe-bumper.com\\\/de\\\/product\\\/safe-bumper-mit-abgesenktem-einstieg-6\\\/#primaryimage\"},\"thumbnailUrl\":\"https:\\\/\\\/safe-bumper.com\\\/wp-content\\\/uploads\\\/2023\\\/01\\\/safe-T-bar-Recess-Step.jpg\",\"datePublished\":\"2023-01-26T02:02:43+00:00\",\"dateModified\":\"2024-11-04T12:59:52+00:00\",\"description\":\"Erweitern Sie Ihr VOLKSWAGEN Fahrzeug mit der safe-T-bar Trittstufe f\u00fcr zus\u00e4tzliche Sicherheit. Entdecken Sie dieses innovative Zubeh\u00f6r, das Schutz und Komfort bietet\",\"breadcrumb\":{\"@id\":\"https:\\\/\\\/safe-bumper.com\\\/de\\\/product\\\/safe-bumper-mit-abgesenktem-einstieg-6\\\/#breadcrumb\"},\"inLanguage\":\"de\",\"potentialAction\":[{\"@type\":\"ReadAction\",\"target\":[\"https:\\\/\\\/safe-bumper.com\\\/de\\\/product\\\/safe-bumper-mit-abgesenktem-einstieg-6\\\/\"]}]},{\"@type\":\"ImageObject\",\"inLanguage\":\"de\",\"@id\":\"https:\\\/\\\/safe-bumper.com\\\/de\\\/product\\\/safe-bumper-mit-abgesenktem-einstieg-6\\\/#primaryimage\",\"url\":\"https:\\\/\\\/safe-bumper.com\\\/wp-content\\\/uploads\\\/2023\\\/01\\\/safe-T-bar-Recess-Step.jpg\",\"contentUrl\":\"https:\\\/\\\/safe-bumper.com\\\/wp-content\\\/uploads\\\/2023\\\/01\\\/safe-T-bar-Recess-Step.jpg\",\"width\":1200,\"height\":675},{\"@type\":\"BreadcrumbList\",\"@id\":\"https:\\\/\\\/safe-bumper.com\\\/de\\\/product\\\/safe-bumper-mit-abgesenktem-einstieg-6\\\/#breadcrumb\",\"itemListElement\":[{\"@type\":\"ListItem\",\"position\":1,\"name\":\"Shop\",\"item\":\"https:\\\/\\\/safe-bumper.com\\\/de\\\/shop\\\/\"},{\"@type\":\"ListItem\",\"position\":2,\"name\":\"Safe-Bumper &#8211; mit abgesenktem Einstieg\"}]},{\"@type\":\"WebSite\",\"@id\":\"https:\\\/\\\/safe-bumper.com\\\/#website\",\"url\":\"https:\\\/\\\/safe-bumper.com\\\/\",\"name\":\"Safe Bumper\",\"description\":\"Bescherm jouw voertuig\",\"publisher\":{\"@id\":\"https:\\\/\\\/safe-bumper.com\\\/#organization\"},\"potentialAction\":[{\"@type\":\"SearchAction\",\"target\":{\"@type\":\"EntryPoint\",\"urlTemplate\":\"https:\\\/\\\/safe-bumper.com\\\/?s={search_term_string}\"},\"query-input\":{\"@type\":\"PropertyValueSpecification\",\"valueRequired\":true,\"valueName\":\"search_term_string\"}}],\"inLanguage\":\"de\"},{\"@type\":\"Organization\",\"@id\":\"https:\\\/\\\/safe-bumper.com\\\/#organization\",\"name\":\"Safe Bumper\",\"url\":\"https:\\\/\\\/safe-bumper.com\\\/\",\"logo\":{\"@type\":\"ImageObject\",\"inLanguage\":\"de\",\"@id\":\"https:\\\/\\\/safe-bumper.com\\\/#\\\/schema\\\/logo\\\/image\\\/\",\"url\":\"https:\\\/\\\/safe-bumper.com\\\/wp-content\\\/uploads\\\/2024\\\/07\\\/cropped-Safe-bumper-logo.png\",\"contentUrl\":\"https:\\\/\\\/safe-bumper.com\\\/wp-content\\\/uploads\\\/2024\\\/07\\\/cropped-Safe-bumper-logo.png\",\"width\":3030,\"height\":850,\"caption\":\"Safe Bumper\"},\"image\":{\"@id\":\"https:\\\/\\\/safe-bumper.com\\\/#\\\/schema\\\/logo\\\/image\\\/\"}}]}<\/script>\n<!-- \/ Yoast SEO plugin. -->","yoast_head_json":{"title":"VOLKSWAGEN Safe-T-Bar - Einstecktreppe f\u00fcr Sicherheit","description":"Erweitern Sie Ihr VOLKSWAGEN Fahrzeug mit der safe-T-bar Trittstufe f\u00fcr zus\u00e4tzliche Sicherheit. Entdecken Sie dieses innovative Zubeh\u00f6r, das Schutz und Komfort bietet","robots":{"index":"index","follow":"follow","max-snippet":"max-snippet:-1","max-image-preview":"max-image-preview:large","max-video-preview":"max-video-preview:-1"},"canonical":"https:\/\/safe-bumper.com\/de\/product\/safe-bumper-mit-abgesenktem-einstieg-6\/","og_locale":"de_DE","og_type":"article","og_title":"VOLKSWAGEN Safe-T-Bar - Einstecktreppe f\u00fcr Sicherheit","og_description":"Erweitern Sie Ihr VOLKSWAGEN Fahrzeug mit der safe-T-bar Trittstufe f\u00fcr zus\u00e4tzliche Sicherheit. Entdecken Sie dieses innovative Zubeh\u00f6r, das Schutz und Komfort bietet","og_url":"https:\/\/safe-bumper.com\/de\/product\/safe-bumper-mit-abgesenktem-einstieg-6\/","og_site_name":"Safe Bumper","article_modified_time":"2024-11-04T12:59:52+00:00","og_image":[{"width":1200,"height":675,"url":"https:\/\/safe-bumper.com\/wp-content\/uploads\/2023\/01\/safe-T-bar-Recess-Step.jpg","type":"image\/jpeg"}],"twitter_card":"summary_large_image","twitter_misc":{"Gesch\u00e4tzte Lesezeit":"1\u00a0Minute"},"schema":{"@context":"https:\/\/schema.org","@graph":[{"@type":"WebPage","@id":"https:\/\/safe-bumper.com\/de\/product\/safe-bumper-mit-abgesenktem-einstieg-6\/","url":"https:\/\/safe-bumper.com\/de\/product\/safe-bumper-mit-abgesenktem-einstieg-6\/","name":"VOLKSWAGEN Safe-T-Bar - Einstecktreppe f\u00fcr Sicherheit","isPartOf":{"@id":"https:\/\/safe-bumper.com\/#website"},"primaryImageOfPage":{"@id":"https:\/\/safe-bumper.com\/de\/product\/safe-bumper-mit-abgesenktem-einstieg-6\/#primaryimage"},"image":{"@id":"https:\/\/safe-bumper.com\/de\/product\/safe-bumper-mit-abgesenktem-einstieg-6\/#primaryimage"},"thumbnailUrl":"https:\/\/safe-bumper.com\/wp-content\/uploads\/2023\/01\/safe-T-bar-Recess-Step.jpg","datePublished":"2023-01-26T02:02:43+00:00","dateModified":"2024-11-04T12:59:52+00:00","description":"Erweitern Sie Ihr VOLKSWAGEN Fahrzeug mit der safe-T-bar Trittstufe f\u00fcr zus\u00e4tzliche Sicherheit. Entdecken Sie dieses innovative Zubeh\u00f6r, das Schutz und Komfort bietet","breadcrumb":{"@id":"https:\/\/safe-bumper.com\/de\/product\/safe-bumper-mit-abgesenktem-einstieg-6\/#breadcrumb"},"inLanguage":"de","potentialAction":[{"@type":"ReadAction","target":["https:\/\/safe-bumper.com\/de\/product\/safe-bumper-mit-abgesenktem-einstieg-6\/"]}]},{"@type":"ImageObject","inLanguage":"de","@id":"https:\/\/safe-bumper.com\/de\/product\/safe-bumper-mit-abgesenktem-einstieg-6\/#primaryimage","url":"https:\/\/safe-bumper.com\/wp-content\/uploads\/2023\/01\/safe-T-bar-Recess-Step.jpg","contentUrl":"https:\/\/safe-bumper.com\/wp-content\/uploads\/2023\/01\/safe-T-bar-Recess-Step.jpg","width":1200,"height":675},{"@type":"BreadcrumbList","@id":"https:\/\/safe-bumper.com\/de\/product\/safe-bumper-mit-abgesenktem-einstieg-6\/#breadcrumb","itemListElement":[{"@type":"ListItem","position":1,"name":"Shop","item":"https:\/\/safe-bumper.com\/de\/shop\/"},{"@type":"ListItem","position":2,"name":"Safe-Bumper &#8211; mit abgesenktem Einstieg"}]},{"@type":"WebSite","@id":"https:\/\/safe-bumper.com\/#website","url":"https:\/\/safe-bumper.com\/","name":"Safe Bumper","description":"Bescherm jouw voertuig","publisher":{"@id":"https:\/\/safe-bumper.com\/#organization"},"potentialAction":[{"@type":"SearchAction","target":{"@type":"EntryPoint","urlTemplate":"https:\/\/safe-bumper.com\/?s={search_term_string}"},"query-input":{"@type":"PropertyValueSpecification","valueRequired":true,"valueName":"search_term_string"}}],"inLanguage":"de"},{"@type":"Organization","@id":"https:\/\/safe-bumper.com\/#organization","name":"Safe Bumper","url":"https:\/\/safe-bumper.com\/","logo":{"@type":"ImageObject","inLanguage":"de","@id":"https:\/\/safe-bumper.com\/#\/schema\/logo\/image\/","url":"https:\/\/safe-bumper.com\/wp-content\/uploads\/2024\/07\/cropped-Safe-bumper-logo.png","contentUrl":"https:\/\/safe-bumper.com\/wp-content\/uploads\/2024\/07\/cropped-Safe-bumper-logo.png","width":3030,"height":850,"caption":"Safe Bumper"},"image":{"@id":"https:\/\/safe-bumper.com\/#\/schema\/logo\/image\/"}}]}},"_links":{"self":[{"href":"https:\/\/safe-bumper.com\/de\/wp-json\/wp\/v2\/product\/5302","targetHints":{"allow":["GET"]}}],"collection":[{"href":"https:\/\/safe-bumper.com\/de\/wp-json\/wp\/v2\/product"}],"about":[{"href":"https:\/\/safe-bumper.com\/de\/wp-json\/wp\/v2\/types\/product"}],"wp:featuredmedia":[{"embeddable":true,"href":"https:\/\/safe-bumper.com\/de\/wp-json\/wp\/v2\/media\/4577"}],"wp:attachment":[{"href":"https:\/\/safe-bumper.com\/de\/wp-json\/wp\/v2\/media?parent=5302"}],"wp:term":[{"taxonomy":"product_brand","embeddable":true,"href":"https:\/\/safe-bumper.com\/de\/wp-json\/wp\/v2\/product_brand?post=5302"},{"taxonomy":"product_cat","embeddable":true,"href":"https:\/\/safe-bumper.com\/de\/wp-json\/wp\/v2\/product_cat?post=5302"},{"taxonomy":"product_tag","embeddable":true,"href":"https:\/\/safe-bumper.com\/de\/wp-json\/wp\/v2\/product_tag?post=5302"}],"curies":[{"name":"wp","href":"https:\/\/api.w.org\/{rel}","templated":true}]}}