{"id":4877,"date":"2023-01-25T02:24:17","date_gmt":"2023-01-25T02:24:17","guid":{"rendered":"https:\/\/safe-bumper.com\/product\/safe-bumper-step-mit-integrierter-anhaengerkupplung-4\/"},"modified":"2024-11-04T12:56:49","modified_gmt":"2024-11-04T12:56:49","slug":"safe-bumper-step-mit-integrierter-anhaengerkupplung-4","status":"publish","type":"product","link":"https:\/\/safe-bumper.com\/de\/product\/safe-bumper-step-mit-integrierter-anhaengerkupplung-4\/","title":{"rendered":"Safe-Bumper-Step &#8211; Mit integrierter Anh\u00e4ngerkupplung"},"content":{"rendered":"<div class=\"wpb_column vc_column_container vc_col-sm-6\">\n<div class=\"vc_column-inner\">\n<div class=\"wpb_wrapper\">\n<div class=\"wpb_text_column wpb_content_element \">\n<div class=\"wpb_wrapper\">\n<p>Die Safe-bumper-step ist aus Stahl gefertigt. Diese Stufe ist st\u00e4rker und leichter als die meisten auf dem Markt angebotenen Stufen. Ihr einzigartiges Design erfordert einen minimalen \u00dcberhang und bietet gleichzeitig eine extra tiefe Stufe.   Die Safe-bumper-step bietet Ihnen eine sichere, rutschfeste Stufe mit selbstreinigender Oberfl\u00e4che und ist mit einem roten Reflexionsstreifen f\u00fcr bessere Sichtbarkeit im Stra\u00dfenverkehr ausgestattet.<\/p>\n<p>Dieses Modell bietet die M\u00f6glichkeit, ein Auto mit einer Anh\u00e4ngerkupplung mit der Funktion einer Safe-Bumper-Step zu kombinieren. Bitte beachten Sie: Ohne Kabelsatz und Steckdose. Eine Vorbereitung der Anh\u00e4ngerkupplung Ihres Fahrzeugs ist erforderlich, dies ist nicht in unserem Angebot enthalten.<\/p>\n<\/div>\n<\/div>\n<\/div>\n<\/div>\n<\/div>\n<div class=\"wpb_column vc_column_container vc_col-sm-6\">\n<div class=\"vc_column-inner\">\n<div class=\"wpb_wrapper\">\n<div class=\"wpb_single_image wpb_content_element vc_align_left\">\n<figure class=\"wpb_wrapper vc_figure\">\n<div class=\"vc_single_image-wrapper vc_box_border_grey\"><\/div>\n<\/figure>\n<\/div>\n<\/div>\n<\/div>\n<\/div>\n","protected":false},"excerpt":{"rendered":"<p>Die Safe-bumper-step ist aus Stahl gefertigt. Diese Stufe ist st\u00e4rker und leichter als die meisten auf dem Markt angebotenen Stufen. Ihr einzigartiges Design erfordert einen minimalen \u00dcberhang und bietet gleichzeitig eine extra tiefe Stufe. Die Safe-bumper-step bietet Ihnen eine sichere, rutschfeste Stufe mit selbstreinigender Oberfl\u00e4che und ist mit einem roten Reflexionsstreifen f\u00fcr bessere Sichtbarkeit im [&hellip;]<\/p>\n","protected":false},"featured_media":4584,"template":"","meta":{"_acf_changed":false},"product_brand":[],"product_cat":[225,226],"product_tag":[211],"class_list":{"0":"post-4877","1":"product","2":"type-product","3":"status-publish","4":"has-post-thumbnail","6":"product_cat-ford-de","7":"product_cat-transit-ab-2014","8":"product_tag-safe-bumper-treppe","9":"product_shipping_class-abschleppen-produkte","11":"first","12":"instock","13":"taxable","14":"shipping-taxable","15":"purchasable","16":"product-type-variable"},"acf":[],"yoast_head":"<!-- This site is optimized with the Yoast SEO plugin v27.5 - https:\/\/yoast.com\/product\/yoast-seo-wordpress\/ -->\n<title>Verbessern Sie das Abschleppen mit Ford Safe-T-Step - zuverl\u00e4ssig und vielseitig<\/title>\n<meta name=\"description\" content=\"Erweitern Sie Ihre Abschleppm\u00f6glichkeiten mit dem Ford Safe-T-Step. Dieses zuverl\u00e4ssige und vielseitige Zubeh\u00f6rteil sorgt f\u00fcr mehr Stabilit\u00e4t und Komfort. Jetzt einkaufen!\" \/>\n<meta name=\"robots\" content=\"index, follow, max-snippet:-1, max-image-preview:large, max-video-preview:-1\" \/>\n<link rel=\"canonical\" href=\"https:\/\/safe-bumper.com\/de\/product\/safe-bumper-step-mit-integrierter-anhaengerkupplung-4\/\" \/>\n<meta property=\"og:locale\" content=\"de_DE\" \/>\n<meta property=\"og:type\" content=\"article\" \/>\n<meta property=\"og:title\" content=\"Verbessern Sie das Abschleppen mit Ford Safe-T-Step - zuverl\u00e4ssig und vielseitig\" \/>\n<meta property=\"og:description\" content=\"Erweitern Sie Ihre Abschleppm\u00f6glichkeiten mit dem Ford Safe-T-Step. Dieses zuverl\u00e4ssige und vielseitige Zubeh\u00f6rteil sorgt f\u00fcr mehr Stabilit\u00e4t und Komfort. Jetzt einkaufen!\" \/>\n<meta property=\"og:url\" content=\"https:\/\/safe-bumper.com\/de\/product\/safe-bumper-step-mit-integrierter-anhaengerkupplung-4\/\" \/>\n<meta property=\"og:site_name\" content=\"Safe Bumper\" \/>\n<meta property=\"article:modified_time\" content=\"2024-11-04T12:56:49+00:00\" \/>\n<meta property=\"og:image\" content=\"https:\/\/safe-bumper.com\/wp-content\/uploads\/2023\/01\/safe-t-step-Towing-BLACK.jpg\" \/>\n\t<meta property=\"og:image:width\" content=\"1200\" \/>\n\t<meta property=\"og:image:height\" content=\"675\" \/>\n\t<meta property=\"og:image:type\" content=\"image\/jpeg\" \/>\n<meta name=\"twitter:card\" content=\"summary_large_image\" \/>\n<meta name=\"twitter:label1\" content=\"Gesch\u00e4tzte Lesezeit\" \/>\n\t<meta name=\"twitter:data1\" content=\"1\u00a0Minute\" \/>\n<script type=\"application\/ld+json\" class=\"yoast-schema-graph\">{\"@context\":\"https:\\\/\\\/schema.org\",\"@graph\":[{\"@type\":\"WebPage\",\"@id\":\"https:\\\/\\\/safe-bumper.com\\\/de\\\/product\\\/safe-bumper-step-mit-integrierter-anhaengerkupplung-4\\\/\",\"url\":\"https:\\\/\\\/safe-bumper.com\\\/de\\\/product\\\/safe-bumper-step-mit-integrierter-anhaengerkupplung-4\\\/\",\"name\":\"Verbessern Sie das Abschleppen mit Ford Safe-T-Step - zuverl\u00e4ssig und vielseitig\",\"isPartOf\":{\"@id\":\"https:\\\/\\\/safe-bumper.com\\\/#website\"},\"primaryImageOfPage\":{\"@id\":\"https:\\\/\\\/safe-bumper.com\\\/de\\\/product\\\/safe-bumper-step-mit-integrierter-anhaengerkupplung-4\\\/#primaryimage\"},\"image\":{\"@id\":\"https:\\\/\\\/safe-bumper.com\\\/de\\\/product\\\/safe-bumper-step-mit-integrierter-anhaengerkupplung-4\\\/#primaryimage\"},\"thumbnailUrl\":\"https:\\\/\\\/safe-bumper.com\\\/wp-content\\\/uploads\\\/2023\\\/01\\\/safe-t-step-Towing-BLACK.jpg\",\"datePublished\":\"2023-01-25T02:24:17+00:00\",\"dateModified\":\"2024-11-04T12:56:49+00:00\",\"description\":\"Erweitern Sie Ihre Abschleppm\u00f6glichkeiten mit dem Ford Safe-T-Step. Dieses zuverl\u00e4ssige und vielseitige Zubeh\u00f6rteil sorgt f\u00fcr mehr Stabilit\u00e4t und Komfort. Jetzt einkaufen!\",\"breadcrumb\":{\"@id\":\"https:\\\/\\\/safe-bumper.com\\\/de\\\/product\\\/safe-bumper-step-mit-integrierter-anhaengerkupplung-4\\\/#breadcrumb\"},\"inLanguage\":\"de\",\"potentialAction\":[{\"@type\":\"ReadAction\",\"target\":[\"https:\\\/\\\/safe-bumper.com\\\/de\\\/product\\\/safe-bumper-step-mit-integrierter-anhaengerkupplung-4\\\/\"]}]},{\"@type\":\"ImageObject\",\"inLanguage\":\"de\",\"@id\":\"https:\\\/\\\/safe-bumper.com\\\/de\\\/product\\\/safe-bumper-step-mit-integrierter-anhaengerkupplung-4\\\/#primaryimage\",\"url\":\"https:\\\/\\\/safe-bumper.com\\\/wp-content\\\/uploads\\\/2023\\\/01\\\/safe-t-step-Towing-BLACK.jpg\",\"contentUrl\":\"https:\\\/\\\/safe-bumper.com\\\/wp-content\\\/uploads\\\/2023\\\/01\\\/safe-t-step-Towing-BLACK.jpg\",\"width\":1200,\"height\":675},{\"@type\":\"BreadcrumbList\",\"@id\":\"https:\\\/\\\/safe-bumper.com\\\/de\\\/product\\\/safe-bumper-step-mit-integrierter-anhaengerkupplung-4\\\/#breadcrumb\",\"itemListElement\":[{\"@type\":\"ListItem\",\"position\":1,\"name\":\"Shop\",\"item\":\"https:\\\/\\\/safe-bumper.com\\\/de\\\/shop\\\/\"},{\"@type\":\"ListItem\",\"position\":2,\"name\":\"Safe-Bumper-Step &#8211; Mit integrierter Anh\u00e4ngerkupplung\"}]},{\"@type\":\"WebSite\",\"@id\":\"https:\\\/\\\/safe-bumper.com\\\/#website\",\"url\":\"https:\\\/\\\/safe-bumper.com\\\/\",\"name\":\"Safe Bumper\",\"description\":\"Bescherm jouw voertuig\",\"publisher\":{\"@id\":\"https:\\\/\\\/safe-bumper.com\\\/#organization\"},\"potentialAction\":[{\"@type\":\"SearchAction\",\"target\":{\"@type\":\"EntryPoint\",\"urlTemplate\":\"https:\\\/\\\/safe-bumper.com\\\/?s={search_term_string}\"},\"query-input\":{\"@type\":\"PropertyValueSpecification\",\"valueRequired\":true,\"valueName\":\"search_term_string\"}}],\"inLanguage\":\"de\"},{\"@type\":\"Organization\",\"@id\":\"https:\\\/\\\/safe-bumper.com\\\/#organization\",\"name\":\"Safe Bumper\",\"url\":\"https:\\\/\\\/safe-bumper.com\\\/\",\"logo\":{\"@type\":\"ImageObject\",\"inLanguage\":\"de\",\"@id\":\"https:\\\/\\\/safe-bumper.com\\\/#\\\/schema\\\/logo\\\/image\\\/\",\"url\":\"https:\\\/\\\/safe-bumper.com\\\/wp-content\\\/uploads\\\/2024\\\/07\\\/cropped-Safe-bumper-logo.png\",\"contentUrl\":\"https:\\\/\\\/safe-bumper.com\\\/wp-content\\\/uploads\\\/2024\\\/07\\\/cropped-Safe-bumper-logo.png\",\"width\":3030,\"height\":850,\"caption\":\"Safe Bumper\"},\"image\":{\"@id\":\"https:\\\/\\\/safe-bumper.com\\\/#\\\/schema\\\/logo\\\/image\\\/\"}}]}<\/script>\n<!-- \/ Yoast SEO plugin. -->","yoast_head_json":{"title":"Verbessern Sie das Abschleppen mit Ford Safe-T-Step - zuverl\u00e4ssig und vielseitig","description":"Erweitern Sie Ihre Abschleppm\u00f6glichkeiten mit dem Ford Safe-T-Step. Dieses zuverl\u00e4ssige und vielseitige Zubeh\u00f6rteil sorgt f\u00fcr mehr Stabilit\u00e4t und Komfort. Jetzt einkaufen!","robots":{"index":"index","follow":"follow","max-snippet":"max-snippet:-1","max-image-preview":"max-image-preview:large","max-video-preview":"max-video-preview:-1"},"canonical":"https:\/\/safe-bumper.com\/de\/product\/safe-bumper-step-mit-integrierter-anhaengerkupplung-4\/","og_locale":"de_DE","og_type":"article","og_title":"Verbessern Sie das Abschleppen mit Ford Safe-T-Step - zuverl\u00e4ssig und vielseitig","og_description":"Erweitern Sie Ihre Abschleppm\u00f6glichkeiten mit dem Ford Safe-T-Step. Dieses zuverl\u00e4ssige und vielseitige Zubeh\u00f6rteil sorgt f\u00fcr mehr Stabilit\u00e4t und Komfort. Jetzt einkaufen!","og_url":"https:\/\/safe-bumper.com\/de\/product\/safe-bumper-step-mit-integrierter-anhaengerkupplung-4\/","og_site_name":"Safe Bumper","article_modified_time":"2024-11-04T12:56:49+00:00","og_image":[{"width":1200,"height":675,"url":"https:\/\/safe-bumper.com\/wp-content\/uploads\/2023\/01\/safe-t-step-Towing-BLACK.jpg","type":"image\/jpeg"}],"twitter_card":"summary_large_image","twitter_misc":{"Gesch\u00e4tzte Lesezeit":"1\u00a0Minute"},"schema":{"@context":"https:\/\/schema.org","@graph":[{"@type":"WebPage","@id":"https:\/\/safe-bumper.com\/de\/product\/safe-bumper-step-mit-integrierter-anhaengerkupplung-4\/","url":"https:\/\/safe-bumper.com\/de\/product\/safe-bumper-step-mit-integrierter-anhaengerkupplung-4\/","name":"Verbessern Sie das Abschleppen mit Ford Safe-T-Step - zuverl\u00e4ssig und vielseitig","isPartOf":{"@id":"https:\/\/safe-bumper.com\/#website"},"primaryImageOfPage":{"@id":"https:\/\/safe-bumper.com\/de\/product\/safe-bumper-step-mit-integrierter-anhaengerkupplung-4\/#primaryimage"},"image":{"@id":"https:\/\/safe-bumper.com\/de\/product\/safe-bumper-step-mit-integrierter-anhaengerkupplung-4\/#primaryimage"},"thumbnailUrl":"https:\/\/safe-bumper.com\/wp-content\/uploads\/2023\/01\/safe-t-step-Towing-BLACK.jpg","datePublished":"2023-01-25T02:24:17+00:00","dateModified":"2024-11-04T12:56:49+00:00","description":"Erweitern Sie Ihre Abschleppm\u00f6glichkeiten mit dem Ford Safe-T-Step. Dieses zuverl\u00e4ssige und vielseitige Zubeh\u00f6rteil sorgt f\u00fcr mehr Stabilit\u00e4t und Komfort. Jetzt einkaufen!","breadcrumb":{"@id":"https:\/\/safe-bumper.com\/de\/product\/safe-bumper-step-mit-integrierter-anhaengerkupplung-4\/#breadcrumb"},"inLanguage":"de","potentialAction":[{"@type":"ReadAction","target":["https:\/\/safe-bumper.com\/de\/product\/safe-bumper-step-mit-integrierter-anhaengerkupplung-4\/"]}]},{"@type":"ImageObject","inLanguage":"de","@id":"https:\/\/safe-bumper.com\/de\/product\/safe-bumper-step-mit-integrierter-anhaengerkupplung-4\/#primaryimage","url":"https:\/\/safe-bumper.com\/wp-content\/uploads\/2023\/01\/safe-t-step-Towing-BLACK.jpg","contentUrl":"https:\/\/safe-bumper.com\/wp-content\/uploads\/2023\/01\/safe-t-step-Towing-BLACK.jpg","width":1200,"height":675},{"@type":"BreadcrumbList","@id":"https:\/\/safe-bumper.com\/de\/product\/safe-bumper-step-mit-integrierter-anhaengerkupplung-4\/#breadcrumb","itemListElement":[{"@type":"ListItem","position":1,"name":"Shop","item":"https:\/\/safe-bumper.com\/de\/shop\/"},{"@type":"ListItem","position":2,"name":"Safe-Bumper-Step &#8211; Mit integrierter Anh\u00e4ngerkupplung"}]},{"@type":"WebSite","@id":"https:\/\/safe-bumper.com\/#website","url":"https:\/\/safe-bumper.com\/","name":"Safe Bumper","description":"Bescherm jouw voertuig","publisher":{"@id":"https:\/\/safe-bumper.com\/#organization"},"potentialAction":[{"@type":"SearchAction","target":{"@type":"EntryPoint","urlTemplate":"https:\/\/safe-bumper.com\/?s={search_term_string}"},"query-input":{"@type":"PropertyValueSpecification","valueRequired":true,"valueName":"search_term_string"}}],"inLanguage":"de"},{"@type":"Organization","@id":"https:\/\/safe-bumper.com\/#organization","name":"Safe Bumper","url":"https:\/\/safe-bumper.com\/","logo":{"@type":"ImageObject","inLanguage":"de","@id":"https:\/\/safe-bumper.com\/#\/schema\/logo\/image\/","url":"https:\/\/safe-bumper.com\/wp-content\/uploads\/2024\/07\/cropped-Safe-bumper-logo.png","contentUrl":"https:\/\/safe-bumper.com\/wp-content\/uploads\/2024\/07\/cropped-Safe-bumper-logo.png","width":3030,"height":850,"caption":"Safe Bumper"},"image":{"@id":"https:\/\/safe-bumper.com\/#\/schema\/logo\/image\/"}}]}},"_links":{"self":[{"href":"https:\/\/safe-bumper.com\/de\/wp-json\/wp\/v2\/product\/4877","targetHints":{"allow":["GET"]}}],"collection":[{"href":"https:\/\/safe-bumper.com\/de\/wp-json\/wp\/v2\/product"}],"about":[{"href":"https:\/\/safe-bumper.com\/de\/wp-json\/wp\/v2\/types\/product"}],"wp:featuredmedia":[{"embeddable":true,"href":"https:\/\/safe-bumper.com\/de\/wp-json\/wp\/v2\/media\/4584"}],"wp:attachment":[{"href":"https:\/\/safe-bumper.com\/de\/wp-json\/wp\/v2\/media?parent=4877"}],"wp:term":[{"taxonomy":"product_brand","embeddable":true,"href":"https:\/\/safe-bumper.com\/de\/wp-json\/wp\/v2\/product_brand?post=4877"},{"taxonomy":"product_cat","embeddable":true,"href":"https:\/\/safe-bumper.com\/de\/wp-json\/wp\/v2\/product_cat?post=4877"},{"taxonomy":"product_tag","embeddable":true,"href":"https:\/\/safe-bumper.com\/de\/wp-json\/wp\/v2\/product_tag?post=4877"}],"curies":[{"name":"wp","href":"https:\/\/api.w.org\/{rel}","templated":true}]}}