{"id":4792,"date":"2023-01-25T23:02:08","date_gmt":"2023-01-25T23:02:08","guid":{"rendered":"https:\/\/safe-bumper.com\/product\/gerade-safe-stossstange-3\/"},"modified":"2024-11-04T12:56:31","modified_gmt":"2024-11-04T12:56:31","slug":"gerade-safe-stossstange-3","status":"publish","type":"product","link":"https:\/\/safe-bumper.com\/de\/product\/gerade-safe-stossstange-3\/","title":{"rendered":"Gerade Safe-Sto\u00dfstange"},"content":{"rendered":"<p>Dieses Safe-bumper Modell sch\u00fctzt das gesamte Heck Ihres Fahrzeugs vor allt\u00e4glichen Sch\u00e4den und ist aus hochwertigem Stahl gefertigt. Vier Schichten Pulverbeschichtung sorgen f\u00fcr optimalen Schutz gegen alle Wetterbedingungen. Neben dem Schutz Ihres Fahrzeugs bietet der Safe-bumper auch Sicherheit f\u00fcr den Benutzer. Die Anti-Rutsch-Beschichtung auf der Oberseite des Sto\u00dff\u00e4ngers verhindert ein Verrutschen beim Be- oder Entladen. Au\u00dferdem sorgt der rote Reflexionsstreifen, der \u00fcber den gesamten Sto\u00dff\u00e4nger verl\u00e4uft, f\u00fcr eine bessere Sichtbarkeit im Stra\u00dfenverkehr bei Tag und bei unterschiedlichen Wetterbedingungen. Die integrierten Parksensoren sind in der Sto\u00dfstange angebracht und k\u00f6nnen Sie beim Einparken bequem per Bild und Ton unterst\u00fctzen. Bitte beachten Sie: Wenn Sie die Parksensoren Ihres Fahrzeugs nutzen m\u00f6chten, m\u00fcssen diese in den Sto\u00dff\u00e4nger integriert sein. F\u00fcr diese Option f\u00e4llt ein Aufpreis von 72 Euro an, da eine spezielle Vorbereitung des Sto\u00dff\u00e4ngers und ein beiliegender Klebebefestigungssatz erforderlich sind.    <\/p>\n","protected":false},"excerpt":{"rendered":"<p>Dieses Safe-bumper Modell sch\u00fctzt das gesamte Heck Ihres Fahrzeugs vor allt\u00e4glichen Sch\u00e4den und ist aus hochwertigem Stahl gefertigt. Vier Schichten Pulverbeschichtung sorgen f\u00fcr optimalen Schutz gegen alle Wetterbedingungen. Neben dem Schutz Ihres Fahrzeugs bietet der Safe-bumper auch Sicherheit f\u00fcr den Benutzer. Die Anti-Rutsch-Beschichtung auf der Oberseite des Sto\u00dff\u00e4ngers verhindert ein Verrutschen beim Be- oder Entladen. [&hellip;]<\/p>\n","protected":false},"featured_media":4575,"template":"","meta":{"_acf_changed":false},"product_brand":[],"product_cat":[205,215],"product_tag":[212],"class_list":{"0":"post-4792","1":"product","2":"type-product","3":"status-publish","4":"has-post-thumbnail","6":"product_cat-iveco-de","7":"product_cat-taglich-70c-ab-2014","8":"product_tag-safe-bumper-de","9":"product_shipping_class-nicht-abschleppende-produkte","11":"first","12":"instock","13":"taxable","14":"shipping-taxable","15":"purchasable","16":"product-type-variable"},"acf":[],"yoast_head":"<!-- This site is optimized with the Yoast SEO plugin v27.5 - https:\/\/yoast.com\/product\/yoast-seo-wordpress\/ -->\n<title>Safe-T-Bar - Gerader Schutz | Ultimative Fahrzeugsicherheit hinten<\/title>\n<meta name=\"description\" content=\"Volkswagen Transporter (ab 2014) safe-T-bar, vielseitige Trittstufe zum Schutz Ihres Fahrzeugs bei langsamen Parkman\u00f6vern und beim Beladen mit Gabelstaplern\" \/>\n<meta name=\"robots\" content=\"index, follow, max-snippet:-1, max-image-preview:large, max-video-preview:-1\" \/>\n<link rel=\"canonical\" href=\"https:\/\/safe-bumper.com\/de\/product\/gerade-safe-stossstange-3\/\" \/>\n<meta property=\"og:locale\" content=\"de_DE\" \/>\n<meta property=\"og:type\" content=\"article\" \/>\n<meta property=\"og:title\" content=\"Safe-T-Bar - Gerader Schutz | Ultimative Fahrzeugsicherheit hinten\" \/>\n<meta property=\"og:description\" content=\"Volkswagen Transporter (ab 2014) safe-T-bar, vielseitige Trittstufe zum Schutz Ihres Fahrzeugs bei langsamen Parkman\u00f6vern und beim Beladen mit Gabelstaplern\" \/>\n<meta property=\"og:url\" content=\"https:\/\/safe-bumper.com\/de\/product\/gerade-safe-stossstange-3\/\" \/>\n<meta property=\"og:site_name\" content=\"Safe Bumper\" \/>\n<meta property=\"article:modified_time\" content=\"2024-11-04T12:56:31+00:00\" \/>\n<meta property=\"og:image\" content=\"https:\/\/safe-bumper.com\/wp-content\/uploads\/2023\/01\/safe-T-bar-Straight-Protection.jpg\" \/>\n\t<meta property=\"og:image:width\" content=\"1200\" \/>\n\t<meta property=\"og:image:height\" content=\"675\" \/>\n\t<meta property=\"og:image:type\" content=\"image\/jpeg\" \/>\n<meta name=\"twitter:card\" content=\"summary_large_image\" \/>\n<meta name=\"twitter:label1\" content=\"Gesch\u00e4tzte Lesezeit\" \/>\n\t<meta name=\"twitter:data1\" content=\"1\u00a0Minute\" \/>\n<script type=\"application\/ld+json\" class=\"yoast-schema-graph\">{\"@context\":\"https:\\\/\\\/schema.org\",\"@graph\":[{\"@type\":\"WebPage\",\"@id\":\"https:\\\/\\\/safe-bumper.com\\\/de\\\/product\\\/gerade-safe-stossstange-3\\\/\",\"url\":\"https:\\\/\\\/safe-bumper.com\\\/de\\\/product\\\/gerade-safe-stossstange-3\\\/\",\"name\":\"Safe-T-Bar - Gerader Schutz | Ultimative Fahrzeugsicherheit hinten\",\"isPartOf\":{\"@id\":\"https:\\\/\\\/safe-bumper.com\\\/#website\"},\"primaryImageOfPage\":{\"@id\":\"https:\\\/\\\/safe-bumper.com\\\/de\\\/product\\\/gerade-safe-stossstange-3\\\/#primaryimage\"},\"image\":{\"@id\":\"https:\\\/\\\/safe-bumper.com\\\/de\\\/product\\\/gerade-safe-stossstange-3\\\/#primaryimage\"},\"thumbnailUrl\":\"https:\\\/\\\/safe-bumper.com\\\/wp-content\\\/uploads\\\/2023\\\/01\\\/safe-T-bar-Straight-Protection.jpg\",\"datePublished\":\"2023-01-25T23:02:08+00:00\",\"dateModified\":\"2024-11-04T12:56:31+00:00\",\"description\":\"Volkswagen Transporter (ab 2014) safe-T-bar, vielseitige Trittstufe zum Schutz Ihres Fahrzeugs bei langsamen Parkman\u00f6vern und beim Beladen mit Gabelstaplern\",\"breadcrumb\":{\"@id\":\"https:\\\/\\\/safe-bumper.com\\\/de\\\/product\\\/gerade-safe-stossstange-3\\\/#breadcrumb\"},\"inLanguage\":\"de\",\"potentialAction\":[{\"@type\":\"ReadAction\",\"target\":[\"https:\\\/\\\/safe-bumper.com\\\/de\\\/product\\\/gerade-safe-stossstange-3\\\/\"]}]},{\"@type\":\"ImageObject\",\"inLanguage\":\"de\",\"@id\":\"https:\\\/\\\/safe-bumper.com\\\/de\\\/product\\\/gerade-safe-stossstange-3\\\/#primaryimage\",\"url\":\"https:\\\/\\\/safe-bumper.com\\\/wp-content\\\/uploads\\\/2023\\\/01\\\/safe-T-bar-Straight-Protection.jpg\",\"contentUrl\":\"https:\\\/\\\/safe-bumper.com\\\/wp-content\\\/uploads\\\/2023\\\/01\\\/safe-T-bar-Straight-Protection.jpg\",\"width\":1200,\"height\":675},{\"@type\":\"BreadcrumbList\",\"@id\":\"https:\\\/\\\/safe-bumper.com\\\/de\\\/product\\\/gerade-safe-stossstange-3\\\/#breadcrumb\",\"itemListElement\":[{\"@type\":\"ListItem\",\"position\":1,\"name\":\"Shop\",\"item\":\"https:\\\/\\\/safe-bumper.com\\\/de\\\/shop\\\/\"},{\"@type\":\"ListItem\",\"position\":2,\"name\":\"Gerade Safe-Sto\u00dfstange\"}]},{\"@type\":\"WebSite\",\"@id\":\"https:\\\/\\\/safe-bumper.com\\\/#website\",\"url\":\"https:\\\/\\\/safe-bumper.com\\\/\",\"name\":\"Safe Bumper\",\"description\":\"Bescherm jouw voertuig\",\"publisher\":{\"@id\":\"https:\\\/\\\/safe-bumper.com\\\/#organization\"},\"potentialAction\":[{\"@type\":\"SearchAction\",\"target\":{\"@type\":\"EntryPoint\",\"urlTemplate\":\"https:\\\/\\\/safe-bumper.com\\\/?s={search_term_string}\"},\"query-input\":{\"@type\":\"PropertyValueSpecification\",\"valueRequired\":true,\"valueName\":\"search_term_string\"}}],\"inLanguage\":\"de\"},{\"@type\":\"Organization\",\"@id\":\"https:\\\/\\\/safe-bumper.com\\\/#organization\",\"name\":\"Safe Bumper\",\"url\":\"https:\\\/\\\/safe-bumper.com\\\/\",\"logo\":{\"@type\":\"ImageObject\",\"inLanguage\":\"de\",\"@id\":\"https:\\\/\\\/safe-bumper.com\\\/#\\\/schema\\\/logo\\\/image\\\/\",\"url\":\"https:\\\/\\\/safe-bumper.com\\\/wp-content\\\/uploads\\\/2024\\\/07\\\/cropped-Safe-bumper-logo.png\",\"contentUrl\":\"https:\\\/\\\/safe-bumper.com\\\/wp-content\\\/uploads\\\/2024\\\/07\\\/cropped-Safe-bumper-logo.png\",\"width\":3030,\"height\":850,\"caption\":\"Safe Bumper\"},\"image\":{\"@id\":\"https:\\\/\\\/safe-bumper.com\\\/#\\\/schema\\\/logo\\\/image\\\/\"}}]}<\/script>\n<!-- \/ Yoast SEO plugin. -->","yoast_head_json":{"title":"Safe-T-Bar - Gerader Schutz | Ultimative Fahrzeugsicherheit hinten","description":"Volkswagen Transporter (ab 2014) safe-T-bar, vielseitige Trittstufe zum Schutz Ihres Fahrzeugs bei langsamen Parkman\u00f6vern und beim Beladen mit Gabelstaplern","robots":{"index":"index","follow":"follow","max-snippet":"max-snippet:-1","max-image-preview":"max-image-preview:large","max-video-preview":"max-video-preview:-1"},"canonical":"https:\/\/safe-bumper.com\/de\/product\/gerade-safe-stossstange-3\/","og_locale":"de_DE","og_type":"article","og_title":"Safe-T-Bar - Gerader Schutz | Ultimative Fahrzeugsicherheit hinten","og_description":"Volkswagen Transporter (ab 2014) safe-T-bar, vielseitige Trittstufe zum Schutz Ihres Fahrzeugs bei langsamen Parkman\u00f6vern und beim Beladen mit Gabelstaplern","og_url":"https:\/\/safe-bumper.com\/de\/product\/gerade-safe-stossstange-3\/","og_site_name":"Safe Bumper","article_modified_time":"2024-11-04T12:56:31+00:00","og_image":[{"width":1200,"height":675,"url":"https:\/\/safe-bumper.com\/wp-content\/uploads\/2023\/01\/safe-T-bar-Straight-Protection.jpg","type":"image\/jpeg"}],"twitter_card":"summary_large_image","twitter_misc":{"Gesch\u00e4tzte Lesezeit":"1\u00a0Minute"},"schema":{"@context":"https:\/\/schema.org","@graph":[{"@type":"WebPage","@id":"https:\/\/safe-bumper.com\/de\/product\/gerade-safe-stossstange-3\/","url":"https:\/\/safe-bumper.com\/de\/product\/gerade-safe-stossstange-3\/","name":"Safe-T-Bar - Gerader Schutz | Ultimative Fahrzeugsicherheit hinten","isPartOf":{"@id":"https:\/\/safe-bumper.com\/#website"},"primaryImageOfPage":{"@id":"https:\/\/safe-bumper.com\/de\/product\/gerade-safe-stossstange-3\/#primaryimage"},"image":{"@id":"https:\/\/safe-bumper.com\/de\/product\/gerade-safe-stossstange-3\/#primaryimage"},"thumbnailUrl":"https:\/\/safe-bumper.com\/wp-content\/uploads\/2023\/01\/safe-T-bar-Straight-Protection.jpg","datePublished":"2023-01-25T23:02:08+00:00","dateModified":"2024-11-04T12:56:31+00:00","description":"Volkswagen Transporter (ab 2014) safe-T-bar, vielseitige Trittstufe zum Schutz Ihres Fahrzeugs bei langsamen Parkman\u00f6vern und beim Beladen mit Gabelstaplern","breadcrumb":{"@id":"https:\/\/safe-bumper.com\/de\/product\/gerade-safe-stossstange-3\/#breadcrumb"},"inLanguage":"de","potentialAction":[{"@type":"ReadAction","target":["https:\/\/safe-bumper.com\/de\/product\/gerade-safe-stossstange-3\/"]}]},{"@type":"ImageObject","inLanguage":"de","@id":"https:\/\/safe-bumper.com\/de\/product\/gerade-safe-stossstange-3\/#primaryimage","url":"https:\/\/safe-bumper.com\/wp-content\/uploads\/2023\/01\/safe-T-bar-Straight-Protection.jpg","contentUrl":"https:\/\/safe-bumper.com\/wp-content\/uploads\/2023\/01\/safe-T-bar-Straight-Protection.jpg","width":1200,"height":675},{"@type":"BreadcrumbList","@id":"https:\/\/safe-bumper.com\/de\/product\/gerade-safe-stossstange-3\/#breadcrumb","itemListElement":[{"@type":"ListItem","position":1,"name":"Shop","item":"https:\/\/safe-bumper.com\/de\/shop\/"},{"@type":"ListItem","position":2,"name":"Gerade Safe-Sto\u00dfstange"}]},{"@type":"WebSite","@id":"https:\/\/safe-bumper.com\/#website","url":"https:\/\/safe-bumper.com\/","name":"Safe Bumper","description":"Bescherm jouw voertuig","publisher":{"@id":"https:\/\/safe-bumper.com\/#organization"},"potentialAction":[{"@type":"SearchAction","target":{"@type":"EntryPoint","urlTemplate":"https:\/\/safe-bumper.com\/?s={search_term_string}"},"query-input":{"@type":"PropertyValueSpecification","valueRequired":true,"valueName":"search_term_string"}}],"inLanguage":"de"},{"@type":"Organization","@id":"https:\/\/safe-bumper.com\/#organization","name":"Safe Bumper","url":"https:\/\/safe-bumper.com\/","logo":{"@type":"ImageObject","inLanguage":"de","@id":"https:\/\/safe-bumper.com\/#\/schema\/logo\/image\/","url":"https:\/\/safe-bumper.com\/wp-content\/uploads\/2024\/07\/cropped-Safe-bumper-logo.png","contentUrl":"https:\/\/safe-bumper.com\/wp-content\/uploads\/2024\/07\/cropped-Safe-bumper-logo.png","width":3030,"height":850,"caption":"Safe Bumper"},"image":{"@id":"https:\/\/safe-bumper.com\/#\/schema\/logo\/image\/"}}]}},"_links":{"self":[{"href":"https:\/\/safe-bumper.com\/de\/wp-json\/wp\/v2\/product\/4792","targetHints":{"allow":["GET"]}}],"collection":[{"href":"https:\/\/safe-bumper.com\/de\/wp-json\/wp\/v2\/product"}],"about":[{"href":"https:\/\/safe-bumper.com\/de\/wp-json\/wp\/v2\/types\/product"}],"wp:featuredmedia":[{"embeddable":true,"href":"https:\/\/safe-bumper.com\/de\/wp-json\/wp\/v2\/media\/4575"}],"wp:attachment":[{"href":"https:\/\/safe-bumper.com\/de\/wp-json\/wp\/v2\/media?parent=4792"}],"wp:term":[{"taxonomy":"product_brand","embeddable":true,"href":"https:\/\/safe-bumper.com\/de\/wp-json\/wp\/v2\/product_brand?post=4792"},{"taxonomy":"product_cat","embeddable":true,"href":"https:\/\/safe-bumper.com\/de\/wp-json\/wp\/v2\/product_cat?post=4792"},{"taxonomy":"product_tag","embeddable":true,"href":"https:\/\/safe-bumper.com\/de\/wp-json\/wp\/v2\/product_tag?post=4792"}],"curies":[{"name":"wp","href":"https:\/\/api.w.org\/{rel}","templated":true}]}}