{"id":5618,"date":"2025-04-23T13:04:15","date_gmt":"2025-04-23T13:04:15","guid":{"rendered":"https:\/\/safe-bumper.com\/haendlersuche-deutsch\/"},"modified":"2025-04-24T07:43:17","modified_gmt":"2025-04-24T07:43:17","slug":"haendlersuche-deutsch","status":"publish","type":"page","link":"https:\/\/safe-bumper.com\/de\/haendlersuche-deutsch\/","title":{"rendered":"H\u00e4ndlersuche (DEUTSCH)"},"content":{"rendered":"\t\t<div data-elementor-type=\"wp-page\" data-elementor-id=\"5618\" class=\"elementor elementor-5618 elementor-5582\" data-elementor-post-type=\"page\">\n\t\t\t\t\t\t<section class=\"elementor-section elementor-top-section elementor-element elementor-element-hjq6yzu elementor-section-content-middle elementor-section-boxed elementor-section-height-default elementor-section-height-default\" data-id=\"hjq6yzu\" data-element_type=\"section\" data-e-type=\"section\" data-settings=\"{&quot;background_background&quot;:&quot;classic&quot;}\">\n\t\t\t\t\t\t\t<div class=\"elementor-background-overlay\"><\/div>\n\t\t\t\t\t\t\t<div class=\"elementor-container elementor-column-gap-default\">\n\t\t\t\t\t<div class=\"elementor-column elementor-col-100 elementor-top-column elementor-element elementor-element-a7ac1a7\" data-id=\"a7ac1a7\" data-element_type=\"column\" data-e-type=\"column\">\n\t\t\t<div class=\"elementor-widget-wrap elementor-element-populated\">\n\t\t\t\t\t\t<div class=\"elementor-element elementor-element-f7552c8 elementor-widget elementor-widget-heading\" data-id=\"f7552c8\" data-element_type=\"widget\" data-e-type=\"widget\" data-widget_type=\"heading.default\">\n\t\t\t\t<div class=\"elementor-widget-container\">\n\t\t\t\t\t<h2 class=\"elementor-heading-title elementor-size-default\">Safe-Bumper H\u00e4ndlers<\/h2>\t\t\t\t<\/div>\n\t\t\t\t<\/div>\n\t\t\t\t<div class=\"elementor-element elementor-element-277136e elementor-widget elementor-widget-text-editor\" data-id=\"277136e\" data-element_type=\"widget\" data-e-type=\"widget\" data-widget_type=\"text-editor.default\">\n\t\t\t\t<div class=\"elementor-widget-container\">\n\t\t\t\t\t\t\t\t\t<p>Finden Sie heraus, wo sich Ihr Safe-Bumper-H\u00e4ndler befindet, und vereinbaren Sie noch heute einen Termin.<\/p>\t\t\t\t\t\t\t\t<\/div>\n\t\t\t\t<\/div>\n\t\t\t\t\t<\/div>\n\t\t<\/div>\n\t\t\t\t\t<\/div>\n\t\t<\/section>\n\t\t\t\t<section class=\"elementor-section elementor-top-section elementor-element elementor-element-glrrp59 elementor-section-boxed elementor-section-height-default elementor-section-height-default\" data-id=\"glrrp59\" data-element_type=\"section\" data-e-type=\"section\" data-settings=\"{&quot;background_background&quot;:&quot;classic&quot;}\">\n\t\t\t\t\t\t<div class=\"elementor-container elementor-column-gap-no\">\n\t\t\t\t\t<div class=\"elementor-column elementor-col-100 elementor-top-column elementor-element elementor-element-3edb3e6\" data-id=\"3edb3e6\" data-element_type=\"column\" data-e-type=\"column\">\n\t\t\t<div class=\"elementor-widget-wrap elementor-element-populated\">\n\t\t\t\t\t\t<section class=\"elementor-section elementor-inner-section elementor-element elementor-element-7dff22d elementor-section-boxed elementor-section-height-default elementor-section-height-default\" data-id=\"7dff22d\" data-element_type=\"section\" data-e-type=\"section\">\n\t\t\t\t\t\t<div class=\"elementor-container elementor-column-gap-no\">\n\t\t\t\t\t<div class=\"elementor-column elementor-col-100 elementor-inner-column elementor-element elementor-element-8239038\" data-id=\"8239038\" data-element_type=\"column\" data-e-type=\"column\">\n\t\t\t<div class=\"elementor-widget-wrap elementor-element-populated\">\n\t\t\t\t\t\t<div class=\"elementor-element elementor-element-3ba1138 elementor-widget elementor-widget-heading\" data-id=\"3ba1138\" data-element_type=\"widget\" data-e-type=\"widget\" data-widget_type=\"heading.default\">\n\t\t\t\t<div class=\"elementor-widget-container\">\n\t\t\t\t\t<h2 class=\"elementor-heading-title elementor-size-default\">H\u00e4ndler \u00dcbersicht<\/h2>\t\t\t\t<\/div>\n\t\t\t\t<\/div>\n\t\t\t\t\t<\/div>\n\t\t<\/div>\n\t\t\t\t\t<\/div>\n\t\t<\/section>\n\t\t\t\t<section class=\"elementor-section elementor-inner-section elementor-element elementor-element-f18eb3f elementor-section-boxed elementor-section-height-default elementor-section-height-default\" data-id=\"f18eb3f\" data-element_type=\"section\" data-e-type=\"section\">\n\t\t\t\t\t\t<div class=\"elementor-container elementor-column-gap-no\">\n\t\t\t\t\t<div class=\"elementor-column elementor-col-25 elementor-inner-column elementor-element elementor-element-e6adec4\" data-id=\"e6adec4\" data-element_type=\"column\" data-e-type=\"column\" data-settings=\"{&quot;background_background&quot;:&quot;classic&quot;}\">\n\t\t\t<div class=\"elementor-widget-wrap elementor-element-populated\">\n\t\t\t\t\t\t<div class=\"elementor-element elementor-element-e805f7f elementor-widget elementor-widget-image\" data-id=\"e805f7f\" data-element_type=\"widget\" data-e-type=\"widget\" data-widget_type=\"image.default\">\n\t\t\t\t<div class=\"elementor-widget-container\">\n\t\t\t\t\t\t\t\t\t\t\t\t\t\t\t\t<a href=\"https:\/\/www.hbi.nl\/\">\n\t\t\t\t\t\t\t<img fetchpriority=\"high\" decoding=\"async\" width=\"300\" height=\"300\" src=\"https:\/\/safe-bumper.com\/wp-content\/uploads\/2024\/02\/3-300x300.png\" class=\"attachment-medium size-medium wp-image-4711\" alt=\"\" srcset=\"https:\/\/safe-bumper.com\/wp-content\/uploads\/2024\/02\/3-300x300.png 300w, https:\/\/safe-bumper.com\/wp-content\/uploads\/2024\/02\/3-1024x1024.png 1024w, https:\/\/safe-bumper.com\/wp-content\/uploads\/2024\/02\/3-150x150.png 150w, https:\/\/safe-bumper.com\/wp-content\/uploads\/2024\/02\/3-768x768.png 768w, https:\/\/safe-bumper.com\/wp-content\/uploads\/2024\/02\/3-600x600.png 600w, https:\/\/safe-bumper.com\/wp-content\/uploads\/2024\/02\/3-100x100.png 100w, https:\/\/safe-bumper.com\/wp-content\/uploads\/2024\/02\/3.png 1080w\" sizes=\"(max-width: 300px) 100vw, 300px\" \/>\t\t\t\t\t\t\t\t<\/a>\n\t\t\t\t\t\t\t\t\t\t\t\t\t\t\t<\/div>\n\t\t\t\t<\/div>\n\t\t\t\t<div class=\"elementor-element elementor-element-01f0e61 elementor-widget elementor-widget-image-box\" data-id=\"01f0e61\" data-element_type=\"widget\" data-e-type=\"widget\" data-widget_type=\"image-box.default\">\n\t\t\t\t<div class=\"elementor-widget-container\">\n\t\t\t\t\t<div class=\"elementor-image-box-wrapper\"><div class=\"elementor-image-box-content\"><h5 class=\"elementor-image-box-title\">HBI Nutzfahrzeugausstatter<\/h5><\/div><\/div>\t\t\t\t<\/div>\n\t\t\t\t<\/div>\n\t\t\t\t\t<\/div>\n\t\t<\/div>\n\t\t\t\t<div class=\"elementor-column elementor-col-25 elementor-inner-column elementor-element elementor-element-d475267\" data-id=\"d475267\" data-element_type=\"column\" data-e-type=\"column\" data-settings=\"{&quot;background_background&quot;:&quot;classic&quot;}\">\n\t\t\t<div class=\"elementor-widget-wrap elementor-element-populated\">\n\t\t\t\t\t\t<div class=\"elementor-element elementor-element-65a6136 elementor-widget elementor-widget-image\" data-id=\"65a6136\" data-element_type=\"widget\" data-e-type=\"widget\" data-widget_type=\"image.default\">\n\t\t\t\t<div class=\"elementor-widget-container\">\n\t\t\t\t\t\t\t\t\t\t\t\t\t\t\t\t<a href=\"https:\/\/kreunenbwi.nl\/\">\n\t\t\t\t\t\t\t<img decoding=\"async\" width=\"300\" height=\"300\" src=\"https:\/\/safe-bumper.com\/wp-content\/uploads\/2024\/02\/2-300x300.png\" class=\"attachment-medium size-medium wp-image-4710\" alt=\"\" srcset=\"https:\/\/safe-bumper.com\/wp-content\/uploads\/2024\/02\/2-300x300.png 300w, https:\/\/safe-bumper.com\/wp-content\/uploads\/2024\/02\/2-1024x1024.png 1024w, https:\/\/safe-bumper.com\/wp-content\/uploads\/2024\/02\/2-150x150.png 150w, https:\/\/safe-bumper.com\/wp-content\/uploads\/2024\/02\/2-768x768.png 768w, https:\/\/safe-bumper.com\/wp-content\/uploads\/2024\/02\/2-600x600.png 600w, https:\/\/safe-bumper.com\/wp-content\/uploads\/2024\/02\/2-100x100.png 100w, https:\/\/safe-bumper.com\/wp-content\/uploads\/2024\/02\/2.png 1080w\" sizes=\"(max-width: 300px) 100vw, 300px\" \/>\t\t\t\t\t\t\t\t<\/a>\n\t\t\t\t\t\t\t\t\t\t\t\t\t\t\t<\/div>\n\t\t\t\t<\/div>\n\t\t\t\t<div class=\"elementor-element elementor-element-488daff elementor-widget elementor-widget-image-box\" data-id=\"488daff\" data-element_type=\"widget\" data-e-type=\"widget\" data-widget_type=\"image-box.default\">\n\t\t\t\t<div class=\"elementor-widget-container\">\n\t\t\t\t\t<div class=\"elementor-image-box-wrapper\"><div class=\"elementor-image-box-content\"><h5 class=\"elementor-image-box-title\">Kreunen Nutzfahrzeug-Ausstattung<\/h5><\/div><\/div>\t\t\t\t<\/div>\n\t\t\t\t<\/div>\n\t\t\t\t\t<\/div>\n\t\t<\/div>\n\t\t\t\t<div class=\"elementor-column elementor-col-25 elementor-inner-column elementor-element elementor-element-8c99614\" data-id=\"8c99614\" data-element_type=\"column\" data-e-type=\"column\" data-settings=\"{&quot;background_background&quot;:&quot;classic&quot;}\">\n\t\t\t<div class=\"elementor-widget-wrap elementor-element-populated\">\n\t\t\t\t\t\t<div class=\"elementor-element elementor-element-2ed02fd elementor-widget elementor-widget-image\" data-id=\"2ed02fd\" data-element_type=\"widget\" data-e-type=\"widget\" data-widget_type=\"image.default\">\n\t\t\t\t<div class=\"elementor-widget-container\">\n\t\t\t\t\t\t\t\t\t\t\t\t\t\t\t\t<a href=\"https:\/\/www.mulders-autogroep.nl\/\">\n\t\t\t\t\t\t\t<img decoding=\"async\" width=\"800\" height=\"800\" src=\"https:\/\/safe-bumper.com\/wp-content\/uploads\/2024\/02\/1-1024x1024.png\" class=\"attachment-large size-large wp-image-4709\" alt=\"\" srcset=\"https:\/\/safe-bumper.com\/wp-content\/uploads\/2024\/02\/1-1024x1024.png 1024w, https:\/\/safe-bumper.com\/wp-content\/uploads\/2024\/02\/1-300x300.png 300w, https:\/\/safe-bumper.com\/wp-content\/uploads\/2024\/02\/1-150x150.png 150w, https:\/\/safe-bumper.com\/wp-content\/uploads\/2024\/02\/1-768x768.png 768w, https:\/\/safe-bumper.com\/wp-content\/uploads\/2024\/02\/1-600x600.png 600w, https:\/\/safe-bumper.com\/wp-content\/uploads\/2024\/02\/1-100x100.png 100w, https:\/\/safe-bumper.com\/wp-content\/uploads\/2024\/02\/1.png 1080w\" sizes=\"(max-width: 800px) 100vw, 800px\" \/>\t\t\t\t\t\t\t\t<\/a>\n\t\t\t\t\t\t\t\t\t\t\t\t\t\t\t<\/div>\n\t\t\t\t<\/div>\n\t\t\t\t<div class=\"elementor-element elementor-element-b4b6fc2 elementor-widget elementor-widget-image-box\" data-id=\"b4b6fc2\" data-element_type=\"widget\" data-e-type=\"widget\" data-widget_type=\"image-box.default\">\n\t\t\t\t<div class=\"elementor-widget-container\">\n\t\t\t\t\t<div class=\"elementor-image-box-wrapper\"><div class=\"elementor-image-box-content\"><h5 class=\"elementor-image-box-title\">Mulders Autogroep Opel Nijmegen<\/h5><\/div><\/div>\t\t\t\t<\/div>\n\t\t\t\t<\/div>\n\t\t\t\t\t<\/div>\n\t\t<\/div>\n\t\t\t\t<div class=\"elementor-column elementor-col-25 elementor-inner-column elementor-element elementor-element-85b6183\" data-id=\"85b6183\" data-element_type=\"column\" data-e-type=\"column\" data-settings=\"{&quot;background_background&quot;:&quot;classic&quot;}\">\n\t\t\t<div class=\"elementor-widget-wrap elementor-element-populated\">\n\t\t\t\t\t\t<div class=\"elementor-element elementor-element-2430362 elementor-widget elementor-widget-image\" data-id=\"2430362\" data-element_type=\"widget\" data-e-type=\"widget\" data-widget_type=\"image.default\">\n\t\t\t\t<div class=\"elementor-widget-container\">\n\t\t\t\t\t\t\t\t\t\t\t\t\t\t\t\t<a href=\"https:\/\/www.dewaalautogroep.nl\/\">\n\t\t\t\t\t\t\t<img loading=\"lazy\" decoding=\"async\" width=\"800\" height=\"800\" src=\"https:\/\/safe-bumper.com\/wp-content\/uploads\/2024\/02\/4-1024x1024.png\" class=\"attachment-large size-large wp-image-4712\" alt=\"\" srcset=\"https:\/\/safe-bumper.com\/wp-content\/uploads\/2024\/02\/4-1024x1024.png 1024w, https:\/\/safe-bumper.com\/wp-content\/uploads\/2024\/02\/4-300x300.png 300w, https:\/\/safe-bumper.com\/wp-content\/uploads\/2024\/02\/4-150x150.png 150w, https:\/\/safe-bumper.com\/wp-content\/uploads\/2024\/02\/4-768x768.png 768w, https:\/\/safe-bumper.com\/wp-content\/uploads\/2024\/02\/4-600x600.png 600w, https:\/\/safe-bumper.com\/wp-content\/uploads\/2024\/02\/4-100x100.png 100w, https:\/\/safe-bumper.com\/wp-content\/uploads\/2024\/02\/4.png 1080w\" sizes=\"(max-width: 800px) 100vw, 800px\" \/>\t\t\t\t\t\t\t\t<\/a>\n\t\t\t\t\t\t\t\t\t\t\t\t\t\t\t<\/div>\n\t\t\t\t<\/div>\n\t\t\t\t<div class=\"elementor-element elementor-element-72ea03a elementor-widget elementor-widget-image-box\" data-id=\"72ea03a\" data-element_type=\"widget\" data-e-type=\"widget\" data-widget_type=\"image-box.default\">\n\t\t\t\t<div class=\"elementor-widget-container\">\n\t\t\t\t\t<div class=\"elementor-image-box-wrapper\"><div class=\"elementor-image-box-content\"><h5 class=\"elementor-image-box-title\">De Waal Autogroep Tiel<\/h5><\/div><\/div>\t\t\t\t<\/div>\n\t\t\t\t<\/div>\n\t\t\t\t\t<\/div>\n\t\t<\/div>\n\t\t\t\t\t<\/div>\n\t\t<\/section>\n\t\t\t\t\t<\/div>\n\t\t<\/div>\n\t\t\t\t\t<\/div>\n\t\t<\/section>\n\t\t\t\t<section class=\"elementor-section elementor-top-section elementor-element elementor-element-01319e4 elementor-section-boxed elementor-section-height-default elementor-section-height-default\" data-id=\"01319e4\" data-element_type=\"section\" data-e-type=\"section\" data-settings=\"{&quot;background_background&quot;:&quot;classic&quot;}\">\n\t\t\t\t\t\t<div class=\"elementor-container elementor-column-gap-default\">\n\t\t\t\t\t<div class=\"elementor-column elementor-col-100 elementor-top-column elementor-element elementor-element-37c5456\" data-id=\"37c5456\" data-element_type=\"column\" data-e-type=\"column\">\n\t\t\t<div class=\"elementor-widget-wrap elementor-element-populated\">\n\t\t\t\t\t\t<div class=\"elementor-element elementor-element-755e84b elementor-widget elementor-widget-heading\" data-id=\"755e84b\" data-element_type=\"widget\" data-e-type=\"widget\" data-widget_type=\"heading.default\">\n\t\t\t\t<div class=\"elementor-widget-container\">\n\t\t\t\t\t<h2 class=\"elementor-heading-title elementor-size-default\">Finden Sie einen H\u00e4ndler in Ihrer N\u00e4he<\/h2>\t\t\t\t<\/div>\n\t\t\t\t<\/div>\n\t\t\t\t<div class=\"elementor-element elementor-element-f384bc4 elementor-widget elementor-widget-html\" data-id=\"f384bc4\" data-element_type=\"widget\" data-e-type=\"widget\" data-widget_type=\"html.default\">\n\t\t\t\t<div class=\"elementor-widget-container\">\n\t\t\t\t\t<iframe src=\"https:\/\/www.google.com\/maps\/d\/u\/0\/embed?mid=1FDt9_j_9HFyxdgBFP2Q6tu-OgAD0ENw&amp;ehbc=2E312F&amp;noprof=1\" width=\"640\" height=\"480\"><\/iframe>\t\t\t\t<\/div>\n\t\t\t\t<\/div>\n\t\t\t\t\t<\/div>\n\t\t<\/div>\n\t\t\t\t\t<\/div>\n\t\t<\/section>\n\t\t\t\t<\/div>\n\t\t","protected":false},"excerpt":{"rendered":"<p>Safe-Bumper H\u00e4ndlers Finden Sie heraus, wo sich Ihr Safe-Bumper-H\u00e4ndler befindet, und vereinbaren Sie noch heute einen Termin. H\u00e4ndler \u00dcbersicht HBI Nutzfahrzeugausstatter Kreunen Nutzfahrzeug-Ausstattung Mulders Autogroep Opel Nijmegen De Waal Autogroep Tiel Finden Sie einen H\u00e4ndler in Ihrer N\u00e4he<\/p>\n","protected":false},"author":6,"featured_media":0,"parent":0,"menu_order":0,"comment_status":"closed","ping_status":"closed","template":"","meta":{"_acf_changed":false,"footnotes":""},"class_list":["post-5618","page","type-page","status-publish","hentry"],"acf":[],"yoast_head":"<!-- This site is optimized with the Yoast SEO plugin v27.5 - https:\/\/yoast.com\/product\/yoast-seo-wordpress\/ -->\n<title>H\u00e4ndlersuche (DEUTSCH) - Safe Bumper<\/title>\n<meta name=\"robots\" content=\"index, follow, max-snippet:-1, max-image-preview:large, max-video-preview:-1\" \/>\n<link rel=\"canonical\" href=\"https:\/\/safe-bumper.com\/de\/?page_id=5618\" \/>\n<meta property=\"og:locale\" content=\"de_DE\" \/>\n<meta property=\"og:type\" content=\"article\" \/>\n<meta property=\"og:title\" content=\"H\u00e4ndlersuche (DEUTSCH) - Safe Bumper\" \/>\n<meta property=\"og:description\" content=\"Safe-Bumper H\u00e4ndlers Finden Sie heraus, wo sich Ihr Safe-Bumper-H\u00e4ndler befindet, und vereinbaren Sie noch heute einen Termin. H\u00e4ndler \u00dcbersicht HBI Nutzfahrzeugausstatter Kreunen Nutzfahrzeug-Ausstattung Mulders Autogroep Opel Nijmegen De Waal Autogroep Tiel Finden Sie einen H\u00e4ndler in Ihrer N\u00e4he\" \/>\n<meta property=\"og:url\" content=\"https:\/\/safe-bumper.com\/de\/?page_id=5618\" \/>\n<meta property=\"og:site_name\" content=\"Safe Bumper\" \/>\n<meta property=\"article:modified_time\" content=\"2025-04-24T07:43:17+00:00\" \/>\n<meta property=\"og:image\" content=\"https:\/\/safe-bumper.com\/wp-content\/uploads\/2024\/02\/3-300x300.png\" \/>\n<meta name=\"twitter:card\" content=\"summary_large_image\" \/>\n<script type=\"application\/ld+json\" class=\"yoast-schema-graph\">{\"@context\":\"https:\\\/\\\/schema.org\",\"@graph\":[{\"@type\":\"WebPage\",\"@id\":\"https:\\\/\\\/safe-bumper.com\\\/de\\\/?page_id=5618\",\"url\":\"https:\\\/\\\/safe-bumper.com\\\/de\\\/?page_id=5618\",\"name\":\"H\u00e4ndlersuche (DEUTSCH) - Safe Bumper\",\"isPartOf\":{\"@id\":\"https:\\\/\\\/safe-bumper.com\\\/#website\"},\"primaryImageOfPage\":{\"@id\":\"https:\\\/\\\/safe-bumper.com\\\/de\\\/?page_id=5618#primaryimage\"},\"image\":{\"@id\":\"https:\\\/\\\/safe-bumper.com\\\/de\\\/?page_id=5618#primaryimage\"},\"thumbnailUrl\":\"https:\\\/\\\/safe-bumper.com\\\/wp-content\\\/uploads\\\/2024\\\/02\\\/3-300x300.png\",\"datePublished\":\"2025-04-23T13:04:15+00:00\",\"dateModified\":\"2025-04-24T07:43:17+00:00\",\"inLanguage\":\"de\",\"potentialAction\":[{\"@type\":\"ReadAction\",\"target\":[\"https:\\\/\\\/safe-bumper.com\\\/de\\\/?page_id=5618\"]}]},{\"@type\":\"ImageObject\",\"inLanguage\":\"de\",\"@id\":\"https:\\\/\\\/safe-bumper.com\\\/de\\\/?page_id=5618#primaryimage\",\"url\":\"https:\\\/\\\/safe-bumper.com\\\/wp-content\\\/uploads\\\/2024\\\/02\\\/3-300x300.png\",\"contentUrl\":\"https:\\\/\\\/safe-bumper.com\\\/wp-content\\\/uploads\\\/2024\\\/02\\\/3-300x300.png\"},{\"@type\":\"WebSite\",\"@id\":\"https:\\\/\\\/safe-bumper.com\\\/#website\",\"url\":\"https:\\\/\\\/safe-bumper.com\\\/\",\"name\":\"Safe Bumper\",\"description\":\"Bescherm jouw voertuig\",\"publisher\":{\"@id\":\"https:\\\/\\\/safe-bumper.com\\\/#organization\"},\"potentialAction\":[{\"@type\":\"SearchAction\",\"target\":{\"@type\":\"EntryPoint\",\"urlTemplate\":\"https:\\\/\\\/safe-bumper.com\\\/?s={search_term_string}\"},\"query-input\":{\"@type\":\"PropertyValueSpecification\",\"valueRequired\":true,\"valueName\":\"search_term_string\"}}],\"inLanguage\":\"de\"},{\"@type\":\"Organization\",\"@id\":\"https:\\\/\\\/safe-bumper.com\\\/#organization\",\"name\":\"Safe Bumper\",\"url\":\"https:\\\/\\\/safe-bumper.com\\\/\",\"logo\":{\"@type\":\"ImageObject\",\"inLanguage\":\"de\",\"@id\":\"https:\\\/\\\/safe-bumper.com\\\/#\\\/schema\\\/logo\\\/image\\\/\",\"url\":\"https:\\\/\\\/safe-bumper.com\\\/wp-content\\\/uploads\\\/2024\\\/07\\\/cropped-Safe-bumper-logo.png\",\"contentUrl\":\"https:\\\/\\\/safe-bumper.com\\\/wp-content\\\/uploads\\\/2024\\\/07\\\/cropped-Safe-bumper-logo.png\",\"width\":3030,\"height\":850,\"caption\":\"Safe Bumper\"},\"image\":{\"@id\":\"https:\\\/\\\/safe-bumper.com\\\/#\\\/schema\\\/logo\\\/image\\\/\"}}]}<\/script>\n<!-- \/ Yoast SEO plugin. -->","yoast_head_json":{"title":"H\u00e4ndlersuche (DEUTSCH) - Safe Bumper","robots":{"index":"index","follow":"follow","max-snippet":"max-snippet:-1","max-image-preview":"max-image-preview:large","max-video-preview":"max-video-preview:-1"},"canonical":"https:\/\/safe-bumper.com\/de\/?page_id=5618","og_locale":"de_DE","og_type":"article","og_title":"H\u00e4ndlersuche (DEUTSCH) - Safe Bumper","og_description":"Safe-Bumper H\u00e4ndlers Finden Sie heraus, wo sich Ihr Safe-Bumper-H\u00e4ndler befindet, und vereinbaren Sie noch heute einen Termin. H\u00e4ndler \u00dcbersicht HBI Nutzfahrzeugausstatter Kreunen Nutzfahrzeug-Ausstattung Mulders Autogroep Opel Nijmegen De Waal Autogroep Tiel Finden Sie einen H\u00e4ndler in Ihrer N\u00e4he","og_url":"https:\/\/safe-bumper.com\/de\/?page_id=5618","og_site_name":"Safe Bumper","article_modified_time":"2025-04-24T07:43:17+00:00","og_image":[{"url":"https:\/\/safe-bumper.com\/wp-content\/uploads\/2024\/02\/3-300x300.png","type":"","width":"","height":""}],"twitter_card":"summary_large_image","schema":{"@context":"https:\/\/schema.org","@graph":[{"@type":"WebPage","@id":"https:\/\/safe-bumper.com\/de\/?page_id=5618","url":"https:\/\/safe-bumper.com\/de\/?page_id=5618","name":"H\u00e4ndlersuche (DEUTSCH) - Safe Bumper","isPartOf":{"@id":"https:\/\/safe-bumper.com\/#website"},"primaryImageOfPage":{"@id":"https:\/\/safe-bumper.com\/de\/?page_id=5618#primaryimage"},"image":{"@id":"https:\/\/safe-bumper.com\/de\/?page_id=5618#primaryimage"},"thumbnailUrl":"https:\/\/safe-bumper.com\/wp-content\/uploads\/2024\/02\/3-300x300.png","datePublished":"2025-04-23T13:04:15+00:00","dateModified":"2025-04-24T07:43:17+00:00","inLanguage":"de","potentialAction":[{"@type":"ReadAction","target":["https:\/\/safe-bumper.com\/de\/?page_id=5618"]}]},{"@type":"ImageObject","inLanguage":"de","@id":"https:\/\/safe-bumper.com\/de\/?page_id=5618#primaryimage","url":"https:\/\/safe-bumper.com\/wp-content\/uploads\/2024\/02\/3-300x300.png","contentUrl":"https:\/\/safe-bumper.com\/wp-content\/uploads\/2024\/02\/3-300x300.png"},{"@type":"WebSite","@id":"https:\/\/safe-bumper.com\/#website","url":"https:\/\/safe-bumper.com\/","name":"Safe Bumper","description":"Bescherm jouw voertuig","publisher":{"@id":"https:\/\/safe-bumper.com\/#organization"},"potentialAction":[{"@type":"SearchAction","target":{"@type":"EntryPoint","urlTemplate":"https:\/\/safe-bumper.com\/?s={search_term_string}"},"query-input":{"@type":"PropertyValueSpecification","valueRequired":true,"valueName":"search_term_string"}}],"inLanguage":"de"},{"@type":"Organization","@id":"https:\/\/safe-bumper.com\/#organization","name":"Safe Bumper","url":"https:\/\/safe-bumper.com\/","logo":{"@type":"ImageObject","inLanguage":"de","@id":"https:\/\/safe-bumper.com\/#\/schema\/logo\/image\/","url":"https:\/\/safe-bumper.com\/wp-content\/uploads\/2024\/07\/cropped-Safe-bumper-logo.png","contentUrl":"https:\/\/safe-bumper.com\/wp-content\/uploads\/2024\/07\/cropped-Safe-bumper-logo.png","width":3030,"height":850,"caption":"Safe Bumper"},"image":{"@id":"https:\/\/safe-bumper.com\/#\/schema\/logo\/image\/"}}]}},"_links":{"self":[{"href":"https:\/\/safe-bumper.com\/de\/wp-json\/wp\/v2\/pages\/5618","targetHints":{"allow":["GET"]}}],"collection":[{"href":"https:\/\/safe-bumper.com\/de\/wp-json\/wp\/v2\/pages"}],"about":[{"href":"https:\/\/safe-bumper.com\/de\/wp-json\/wp\/v2\/types\/page"}],"author":[{"embeddable":true,"href":"https:\/\/safe-bumper.com\/de\/wp-json\/wp\/v2\/users\/6"}],"replies":[{"embeddable":true,"href":"https:\/\/safe-bumper.com\/de\/wp-json\/wp\/v2\/comments?post=5618"}],"version-history":[{"count":2,"href":"https:\/\/safe-bumper.com\/de\/wp-json\/wp\/v2\/pages\/5618\/revisions"}],"predecessor-version":[{"id":5623,"href":"https:\/\/safe-bumper.com\/de\/wp-json\/wp\/v2\/pages\/5618\/revisions\/5623"}],"wp:attachment":[{"href":"https:\/\/safe-bumper.com\/de\/wp-json\/wp\/v2\/media?parent=5618"}],"curies":[{"name":"wp","href":"https:\/\/api.w.org\/{rel}","templated":true}]}}